{"id":2059,"date":"2021-01-26T01:15:35","date_gmt":"2021-01-26T00:15:35","guid":{"rendered":"https:\/\/previsionnel-compta.fr\/?post_type=product&#038;p=2059"},"modified":"2021-02-08T00:12:10","modified_gmt":"2021-02-07T23:12:10","slug":"dossier-previsionnel-plan-de-tresorerie","status":"publish","type":"product","link":"https:\/\/previsionnel-compta.fr\/index.php\/produit\/dossier-previsionnel-plan-de-tresorerie\/","title":{"rendered":"Dossier Pr\u00e9visionnel + Plan de Tr\u00e9sorerie\u200b"},"content":{"rendered":"","protected":false},"excerpt":{"rendered":"<ul>\n<li>Description du projet<\/li>\n<li>Investissements et financements<\/li>\n<li>Chiffre d\u2019affaires et analyse de l\u2019activit\u00e9<\/li>\n<li>Salaires et charges sociales<\/li>\n<li>Frais g\u00e9n\u00e9raux<\/li>\n<li>Compte de r\u00e9sultat pr\u00e9visionnel sur 3 ans<\/li>\n<li>Bilan pr\u00e9visionnel sur 3 ans<\/li>\n<li>Plan de financement<\/li>\n<li>Synth\u00e8se de l&rsquo;Expert-Comptable<\/li>\n<li>Plan de tr\u00e9sorerie 12 mois synth\u00e9tique<\/li>\n<li>Plan de tr\u00e9sorerie 12 mois d\u00e9taill\u00e9<\/li>\n<\/ul>\n","protected":false},"featured_media":2095,"template":"","meta":{"site-sidebar-layout":"default","site-content-layout":"default","ast-global-header-display":"","ast-banner-title-visibility":"","ast-main-header-display":"","ast-hfb-above-header-display":"","ast-hfb-below-header-display":"","ast-hfb-mobile-header-display":"","site-post-title":"","ast-breadcrumbs-content":"","ast-featured-img":"","footer-sml-layout":"","theme-transparent-header-meta":"default","adv-header-id-meta":"","stick-header-meta":"","header-above-stick-meta":"","header-main-stick-meta":"","header-below-stick-meta":""},"product_cat":[20],"product_tag":[],"class_list":["post-2059","product","type-product","status-publish","has-post-thumbnail","hentry","product_cat-dossier","desktop-align-left","tablet-align-left","mobile-align-left"],"_links":{"self":[{"href":"https:\/\/previsionnel-compta.fr\/index.php\/wp-json\/wp\/v2\/product\/2059","targetHints":{"allow":["GET"]}}],"collection":[{"href":"https:\/\/previsionnel-compta.fr\/index.php\/wp-json\/wp\/v2\/product"}],"about":[{"href":"https:\/\/previsionnel-compta.fr\/index.php\/wp-json\/wp\/v2\/types\/product"}],"wp:featuredmedia":[{"embeddable":true,"href":"https:\/\/previsionnel-compta.fr\/index.php\/wp-json\/wp\/v2\/media\/2095"}],"wp:attachment":[{"href":"https:\/\/previsionnel-compta.fr\/index.php\/wp-json\/wp\/v2\/media?parent=2059"}],"wp:term":[{"taxonomy":"product_cat","embeddable":true,"href":"https:\/\/previsionnel-compta.fr\/index.php\/wp-json\/wp\/v2\/product_cat?post=2059"},{"taxonomy":"product_tag","embeddable":true,"href":"https:\/\/previsionnel-compta.fr\/index.php\/wp-json\/wp\/v2\/product_tag?post=2059"}],"curies":[{"name":"wp","href":"https:\/\/api.w.org\/{rel}","templated":true}]}}